{"id":6250,"date":"2025-12-11T15:26:30","date_gmt":"2025-12-11T14:26:30","guid":{"rendered":"https:\/\/www.cru-la-liviniere.com\/?post_type=product&#038;p=6250"},"modified":"2026-01-23T17:41:15","modified_gmt":"2026-01-23T16:41:15","slug":"fete-de-la-saint-vincent-2026","status":"publish","type":"product","link":"https:\/\/www.cru-la-liviniere.com\/en\/produit\/fete-de-la-saint-vincent-2026\/","title":{"rendered":"F\u00eate de la Saint Vincent 2026"},"content":{"rendered":"<p><strong>PASS D\u00c9GUSTATION : 10 \u20ac<\/strong><br \/>\nComprenant l\u2019entr\u00e9e, l\u2019animation musicale, 1 verre s\u00e9rigraphi\u00e9 et 3 d\u00e9gustations au choix (Hors restauration).<\/p>\n<p><strong>PASS CRU LA LIVINI\u00c8RE : 25 \u20ac<\/strong><br \/>\nComprenant l\u2019entr\u00e9e, l\u2019animation musicale, 1 verre \u00a0s\u00e9rigraphi\u00e9 donnant droit \u00e0 d\u00e9guster tous les vins en AOP La Livini\u00e8re pr\u00e9sent\u00e9s (Hors restauration).<\/p>\n<p><strong> Entr\u00e9e et boissons offertes pour les enfants.<\/strong><\/p>\n<!-- AddThis Advanced Settings generic via filter on the_content --><!-- AddThis Share Buttons generic via filter on the_content -->","protected":false},"excerpt":{"rendered":"<p><strong><span style=\"color: #ff0000!important;\">Les commandes en ligne sont ferm\u00e9es. Vous pourrez toujours payer vos pass demain sur place.<\/span><\/strong><\/p>\n<p>Rendez-vous le 24 janvier prochain <strong>au Foyer d&#8217;Azille<\/strong> pour f\u00eater ensemble la Saint Vincent, patron des vignerons. Nous vous attendons avec nos plus belles bouteilles en Cru La Livini\u00e8re pour partager une belle soir\u00e9e de f\u00eate !<\/p>\n<p><a href=\"https:\/\/www.cru-la-liviniere.com\/fete-de-la-saint-vincent-2026\/\" target=\"_blank\" rel=\"noopener\">Retrouvez tout le programme sur cette page.<\/a><\/p>\n<p>Choisissez votre Pass, ci-dessous.<!-- AddThis Advanced Settings generic via filter on get_the_excerpt --><!-- AddThis Share Buttons generic via filter on get_the_excerpt --><\/p>\n","protected":false},"featured_media":6258,"template":"","meta":[],"product_cat":[158],"product_tag":[],"yoast_head":"<!-- This site is optimized with the Yoast SEO plugin v21.8.1 - https:\/\/yoast.com\/wordpress\/plugins\/seo\/ -->\n<title>F\u00eate de la Saint Vincent 2026 - AOC Minervois La Livini\u00e8re<\/title>\n<meta name=\"robots\" content=\"index, follow, max-snippet:-1, max-image-preview:large, max-video-preview:-1\" \/>\n<link rel=\"canonical\" href=\"https:\/\/www.cru-la-liviniere.com\/produit\/fete-de-la-saint-vincent-2026\/\" \/>\n<meta property=\"og:locale\" content=\"en_US\" \/>\n<meta property=\"og:type\" content=\"article\" \/>\n<meta property=\"og:title\" content=\"F\u00eate de la Saint Vincent 2026 - AOC Minervois La Livini\u00e8re\" \/>\n<meta property=\"og:description\" content=\"Les commandes en ligne sont ferm\u00e9es. Vous pourrez toujours payer vos pass demain sur place.  Rendez-vous le 24 janvier prochain au Foyer d&#039;Azille pour f\u00eater ensemble la Saint Vincent, patron des vignerons. Nous vous attendons avec nos plus belles bouteilles en Cru La Livini\u00e8re pour partager une belle soir\u00e9e de f\u00eate !  Retrouvez tout le programme sur cette page.  Choisissez votre Pass, ci-dessous.\" \/>\n<meta property=\"og:url\" content=\"https:\/\/www.cru-la-liviniere.com\/produit\/fete-de-la-saint-vincent-2026\/\" \/>\n<meta property=\"og:site_name\" content=\"AOC Minervois La Livini\u00e8re\" \/>\n<meta property=\"article:modified_time\" content=\"2026-01-23T16:41:15+00:00\" \/>\n<meta property=\"og:image\" content=\"https:\/\/www.cru-la-liviniere.com\/wp-content\/uploads\/2025\/12\/saint-vincent-2026-p.png\" \/>\n\t<meta property=\"og:image:width\" content=\"1080\" \/>\n\t<meta property=\"og:image:height\" content=\"1350\" \/>\n\t<meta property=\"og:image:type\" content=\"image\/png\" \/>\n<meta name=\"twitter:card\" content=\"summary_large_image\" \/>\n<meta name=\"twitter:label1\" content=\"Est. reading time\" \/>\n\t<meta name=\"twitter:data1\" content=\"1 minute\" \/>\n<script type=\"application\/ld+json\" class=\"yoast-schema-graph\">{\"@context\":\"https:\/\/schema.org\",\"@graph\":[{\"@type\":\"WebPage\",\"@id\":\"https:\/\/www.cru-la-liviniere.com\/produit\/fete-de-la-saint-vincent-2026\/\",\"url\":\"https:\/\/www.cru-la-liviniere.com\/produit\/fete-de-la-saint-vincent-2026\/\",\"name\":\"F\u00eate de la Saint Vincent 2026 - AOC Minervois La Livini\u00e8re\",\"isPartOf\":{\"@id\":\"https:\/\/www.cru-la-liviniere.com\/#website\"},\"datePublished\":\"2025-12-11T14:26:30+00:00\",\"dateModified\":\"2026-01-23T16:41:15+00:00\",\"breadcrumb\":{\"@id\":\"https:\/\/www.cru-la-liviniere.com\/produit\/fete-de-la-saint-vincent-2026\/#breadcrumb\"},\"inLanguage\":\"en-US\",\"potentialAction\":[{\"@type\":\"ReadAction\",\"target\":[\"https:\/\/www.cru-la-liviniere.com\/produit\/fete-de-la-saint-vincent-2026\/\"]}]},{\"@type\":\"BreadcrumbList\",\"@id\":\"https:\/\/www.cru-la-liviniere.com\/produit\/fete-de-la-saint-vincent-2026\/#breadcrumb\",\"itemListElement\":[{\"@type\":\"ListItem\",\"position\":1,\"name\":\"Accueil\",\"item\":\"https:\/\/www.cru-la-liviniere.com\/en\/\"},{\"@type\":\"ListItem\",\"position\":2,\"name\":\"F\u00eate de la Saint Vincent 2026\"}]},{\"@type\":\"WebSite\",\"@id\":\"https:\/\/www.cru-la-liviniere.com\/#website\",\"url\":\"https:\/\/www.cru-la-liviniere.com\/\",\"name\":\"AOC Minervois La Livini\u00e8re\",\"description\":\"Syndicat du Cru La Livini\u00e8re\",\"publisher\":{\"@id\":\"https:\/\/www.cru-la-liviniere.com\/#organization\"},\"potentialAction\":[{\"@type\":\"SearchAction\",\"target\":{\"@type\":\"EntryPoint\",\"urlTemplate\":\"https:\/\/www.cru-la-liviniere.com\/?s={search_term_string}\"},\"query-input\":\"required name=search_term_string\"}],\"inLanguage\":\"en-US\"},{\"@type\":\"Organization\",\"@id\":\"https:\/\/www.cru-la-liviniere.com\/#organization\",\"name\":\"AOC Minervois La Livini\u00e8re\",\"url\":\"https:\/\/www.cru-la-liviniere.com\/\",\"logo\":{\"@type\":\"ImageObject\",\"inLanguage\":\"en-US\",\"@id\":\"https:\/\/www.cru-la-liviniere.com\/#\/schema\/logo\/image\/\",\"url\":\"https:\/\/www.cru-la-liviniere.com\/wp-content\/uploads\/2016\/04\/LA-LIVINIERElogo-slider2.png\",\"contentUrl\":\"https:\/\/www.cru-la-liviniere.com\/wp-content\/uploads\/2016\/04\/LA-LIVINIERElogo-slider2.png\",\"width\":516,\"height\":183,\"caption\":\"AOC Minervois La Livini\u00e8re\"},\"image\":{\"@id\":\"https:\/\/www.cru-la-liviniere.com\/#\/schema\/logo\/image\/\"}}]}<\/script>\n<!-- \/ Yoast SEO plugin. -->","yoast_head_json":{"title":"F\u00eate de la Saint Vincent 2026 - AOC Minervois La Livini\u00e8re","robots":{"index":"index","follow":"follow","max-snippet":"max-snippet:-1","max-image-preview":"max-image-preview:large","max-video-preview":"max-video-preview:-1"},"canonical":"https:\/\/www.cru-la-liviniere.com\/produit\/fete-de-la-saint-vincent-2026\/","og_locale":"en_US","og_type":"article","og_title":"F\u00eate de la Saint Vincent 2026 - AOC Minervois La Livini\u00e8re","og_description":"Les commandes en ligne sont ferm\u00e9es. Vous pourrez toujours payer vos pass demain sur place.  Rendez-vous le 24 janvier prochain au Foyer d'Azille pour f\u00eater ensemble la Saint Vincent, patron des vignerons. Nous vous attendons avec nos plus belles bouteilles en Cru La Livini\u00e8re pour partager une belle soir\u00e9e de f\u00eate !  Retrouvez tout le programme sur cette page.  Choisissez votre Pass, ci-dessous.","og_url":"https:\/\/www.cru-la-liviniere.com\/produit\/fete-de-la-saint-vincent-2026\/","og_site_name":"AOC Minervois La Livini\u00e8re","article_modified_time":"2026-01-23T16:41:15+00:00","og_image":[{"width":1080,"height":1350,"url":"https:\/\/www.cru-la-liviniere.com\/wp-content\/uploads\/2025\/12\/saint-vincent-2026-p.png","type":"image\/png"}],"twitter_card":"summary_large_image","twitter_misc":{"Est. reading time":"1 minute"},"schema":{"@context":"https:\/\/schema.org","@graph":[{"@type":"WebPage","@id":"https:\/\/www.cru-la-liviniere.com\/produit\/fete-de-la-saint-vincent-2026\/","url":"https:\/\/www.cru-la-liviniere.com\/produit\/fete-de-la-saint-vincent-2026\/","name":"F\u00eate de la Saint Vincent 2026 - AOC Minervois La Livini\u00e8re","isPartOf":{"@id":"https:\/\/www.cru-la-liviniere.com\/#website"},"datePublished":"2025-12-11T14:26:30+00:00","dateModified":"2026-01-23T16:41:15+00:00","breadcrumb":{"@id":"https:\/\/www.cru-la-liviniere.com\/produit\/fete-de-la-saint-vincent-2026\/#breadcrumb"},"inLanguage":"en-US","potentialAction":[{"@type":"ReadAction","target":["https:\/\/www.cru-la-liviniere.com\/produit\/fete-de-la-saint-vincent-2026\/"]}]},{"@type":"BreadcrumbList","@id":"https:\/\/www.cru-la-liviniere.com\/produit\/fete-de-la-saint-vincent-2026\/#breadcrumb","itemListElement":[{"@type":"ListItem","position":1,"name":"Accueil","item":"https:\/\/www.cru-la-liviniere.com\/en\/"},{"@type":"ListItem","position":2,"name":"F\u00eate de la Saint Vincent 2026"}]},{"@type":"WebSite","@id":"https:\/\/www.cru-la-liviniere.com\/#website","url":"https:\/\/www.cru-la-liviniere.com\/","name":"AOC Minervois La Livini\u00e8re","description":"Syndicat du Cru La Livini\u00e8re","publisher":{"@id":"https:\/\/www.cru-la-liviniere.com\/#organization"},"potentialAction":[{"@type":"SearchAction","target":{"@type":"EntryPoint","urlTemplate":"https:\/\/www.cru-la-liviniere.com\/?s={search_term_string}"},"query-input":"required name=search_term_string"}],"inLanguage":"en-US"},{"@type":"Organization","@id":"https:\/\/www.cru-la-liviniere.com\/#organization","name":"AOC Minervois La Livini\u00e8re","url":"https:\/\/www.cru-la-liviniere.com\/","logo":{"@type":"ImageObject","inLanguage":"en-US","@id":"https:\/\/www.cru-la-liviniere.com\/#\/schema\/logo\/image\/","url":"https:\/\/www.cru-la-liviniere.com\/wp-content\/uploads\/2016\/04\/LA-LIVINIERElogo-slider2.png","contentUrl":"https:\/\/www.cru-la-liviniere.com\/wp-content\/uploads\/2016\/04\/LA-LIVINIERElogo-slider2.png","width":516,"height":183,"caption":"AOC Minervois La Livini\u00e8re"},"image":{"@id":"https:\/\/www.cru-la-liviniere.com\/#\/schema\/logo\/image\/"}}]}},"_links":{"self":[{"href":"https:\/\/www.cru-la-liviniere.com\/en\/wp-json\/wp\/v2\/product\/6250"}],"collection":[{"href":"https:\/\/www.cru-la-liviniere.com\/en\/wp-json\/wp\/v2\/product"}],"about":[{"href":"https:\/\/www.cru-la-liviniere.com\/en\/wp-json\/wp\/v2\/types\/product"}],"wp:featuredmedia":[{"embeddable":true,"href":"https:\/\/www.cru-la-liviniere.com\/en\/wp-json\/wp\/v2\/media\/6258"}],"wp:attachment":[{"href":"https:\/\/www.cru-la-liviniere.com\/en\/wp-json\/wp\/v2\/media?parent=6250"}],"wp:term":[{"taxonomy":"product_cat","embeddable":true,"href":"https:\/\/www.cru-la-liviniere.com\/en\/wp-json\/wp\/v2\/product_cat?post=6250"},{"taxonomy":"product_tag","embeddable":true,"href":"https:\/\/www.cru-la-liviniere.com\/en\/wp-json\/wp\/v2\/product_tag?post=6250"}],"curies":[{"name":"wp","href":"https:\/\/api.w.org\/{rel}","templated":true}]}}