{"id":6158,"date":"2025-06-11T17:44:56","date_gmt":"2025-06-11T15:44:56","guid":{"rendered":"https:\/\/www.cru-la-liviniere.com\/?post_type=product&#038;p=6158"},"modified":"2025-08-28T18:16:20","modified_gmt":"2025-08-28T16:16:20","slug":"la-belle-evasion-en-cru-la-liviniere","status":"publish","type":"product","link":"https:\/\/www.cru-la-liviniere.com\/en\/produit\/la-belle-evasion-en-cru-la-liviniere\/","title":{"rendered":"LA BELLE \u00c9VASION EN CRU LA LIVINI\u00c8RE"},"content":{"rendered":"<p>Pour profiter encore des douces soir\u00e9es d\u2019\u00e9t\u00e9 et partager leur patrimoine, les vigneronnes et vignerons du Cru La Livini\u00e8re proposent un d\u00eener sous les \u00e9toiles. Cette soir\u00e9e aura lieu le Vendredi 5 Septembre dans le joli cadre de la chapelle romane St Germain en pleine campagne de la commune de Cesseras, entour\u00e9e de vignes et de pins majestueux.<\/p>\n<p>\u00c0 cette occasion, 8 caves &amp; domaines de l\u2019appellation seront pr\u00e9sents : Domaine de la Senche, Clos Centeilles, Domaine les Jeanneterres, Alliance Minervois, Domaine La Sirani\u00e8re, Ch\u00e2teau de Gourgazaud, Clos des Roques, Ch\u00e2teau Cesseras.<\/p>\n<p>La soir\u00e9e d\u00e9butera par un ap\u00e9ritif d\u00e9gustation de 19h \u00e0 20h30 anim\u00e9 par l\u2019artiste Tom Lacoste, suivi du d\u00eener concoct\u00e9 par le chef cuisinier David Kaci de la Maison Bareil. Chaque plat du menu sera associ\u00e9 \u00e0 diff\u00e9rentes cuv\u00e9es en AOP La Livini\u00e8re. Le menu est en cours d\u2019\u00e9laboration. Nous vous le communiquerons tr\u00e8s vite\u2026<\/p>\n<!-- AddThis Advanced Settings generic via filter on the_content --><!-- AddThis Share Buttons generic via filter on the_content -->","protected":false},"excerpt":{"rendered":"<p><strong>Vendredi 5 septembre \u2013 commune de Cesseras<br \/>\nPrix de la soir\u00e9e (vins compris) : 70 \u20ac\/personne.<\/strong><br \/>\nLa soir\u00e9e sera annul\u00e9e en cas de mauvais temps.<br \/>\n<span style=\"color: #ff0000;\"><em>Sur r\u00e9servation obligatoire en ligne avant le 1er Septembre 2025.<\/em><\/span><!-- AddThis Advanced Settings generic via filter on get_the_excerpt --><!-- AddThis Share Buttons generic via filter on get_the_excerpt --><\/p>\n","protected":false},"featured_media":6148,"template":"","meta":[],"product_cat":[156],"product_tag":[],"yoast_head":"<!-- This site is optimized with the Yoast SEO plugin v21.8.1 - https:\/\/yoast.com\/wordpress\/plugins\/seo\/ -->\n<title>LA BELLE \u00c9VASION EN CRU LA LIVINI\u00c8RE - AOC Minervois La Livini\u00e8re<\/title>\n<meta name=\"robots\" content=\"index, follow, max-snippet:-1, max-image-preview:large, max-video-preview:-1\" \/>\n<link rel=\"canonical\" href=\"https:\/\/www.cru-la-liviniere.com\/produit\/la-belle-evasion-en-cru-la-liviniere\/\" \/>\n<meta property=\"og:locale\" content=\"en_US\" \/>\n<meta property=\"og:type\" content=\"article\" \/>\n<meta property=\"og:title\" content=\"LA BELLE \u00c9VASION EN CRU LA LIVINI\u00c8RE - AOC Minervois La Livini\u00e8re\" \/>\n<meta property=\"og:description\" content=\"Vendredi 5 septembre \u2013 commune de Cesseras Prix de la soir\u00e9e (vins compris) : 70 \u20ac\/personne. La soir\u00e9e sera annul\u00e9e en cas de mauvais temps. Sur r\u00e9servation obligatoire en ligne avant le 1er Septembre 2025.\" \/>\n<meta property=\"og:url\" content=\"https:\/\/www.cru-la-liviniere.com\/produit\/la-belle-evasion-en-cru-la-liviniere\/\" \/>\n<meta property=\"og:site_name\" content=\"AOC Minervois La Livini\u00e8re\" \/>\n<meta property=\"article:modified_time\" content=\"2025-08-28T16:16:20+00:00\" \/>\n<meta property=\"og:image\" content=\"https:\/\/www.cru-la-liviniere.com\/wp-content\/uploads\/2025\/06\/Com-Diner-Belle-Evasion2025.jpg\" \/>\n\t<meta property=\"og:image:width\" content=\"800\" \/>\n\t<meta property=\"og:image:height\" content=\"1116\" \/>\n\t<meta property=\"og:image:type\" content=\"image\/jpeg\" \/>\n<meta name=\"twitter:card\" content=\"summary_large_image\" \/>\n<meta name=\"twitter:label1\" content=\"Est. reading time\" \/>\n\t<meta name=\"twitter:data1\" content=\"1 minute\" \/>\n<script type=\"application\/ld+json\" class=\"yoast-schema-graph\">{\"@context\":\"https:\/\/schema.org\",\"@graph\":[{\"@type\":\"WebPage\",\"@id\":\"https:\/\/www.cru-la-liviniere.com\/produit\/la-belle-evasion-en-cru-la-liviniere\/\",\"url\":\"https:\/\/www.cru-la-liviniere.com\/produit\/la-belle-evasion-en-cru-la-liviniere\/\",\"name\":\"LA BELLE \u00c9VASION EN CRU LA LIVINI\u00c8RE - AOC Minervois La Livini\u00e8re\",\"isPartOf\":{\"@id\":\"https:\/\/www.cru-la-liviniere.com\/#website\"},\"datePublished\":\"2025-06-11T15:44:56+00:00\",\"dateModified\":\"2025-08-28T16:16:20+00:00\",\"breadcrumb\":{\"@id\":\"https:\/\/www.cru-la-liviniere.com\/produit\/la-belle-evasion-en-cru-la-liviniere\/#breadcrumb\"},\"inLanguage\":\"en-US\",\"potentialAction\":[{\"@type\":\"ReadAction\",\"target\":[\"https:\/\/www.cru-la-liviniere.com\/produit\/la-belle-evasion-en-cru-la-liviniere\/\"]}]},{\"@type\":\"BreadcrumbList\",\"@id\":\"https:\/\/www.cru-la-liviniere.com\/produit\/la-belle-evasion-en-cru-la-liviniere\/#breadcrumb\",\"itemListElement\":[{\"@type\":\"ListItem\",\"position\":1,\"name\":\"Accueil\",\"item\":\"https:\/\/www.cru-la-liviniere.com\/en\/\"},{\"@type\":\"ListItem\",\"position\":2,\"name\":\"LA BELLE \u00c9VASION EN CRU LA LIVINI\u00c8RE\"}]},{\"@type\":\"WebSite\",\"@id\":\"https:\/\/www.cru-la-liviniere.com\/#website\",\"url\":\"https:\/\/www.cru-la-liviniere.com\/\",\"name\":\"AOC Minervois La Livini\u00e8re\",\"description\":\"Syndicat du Cru La Livini\u00e8re\",\"publisher\":{\"@id\":\"https:\/\/www.cru-la-liviniere.com\/#organization\"},\"potentialAction\":[{\"@type\":\"SearchAction\",\"target\":{\"@type\":\"EntryPoint\",\"urlTemplate\":\"https:\/\/www.cru-la-liviniere.com\/?s={search_term_string}\"},\"query-input\":\"required name=search_term_string\"}],\"inLanguage\":\"en-US\"},{\"@type\":\"Organization\",\"@id\":\"https:\/\/www.cru-la-liviniere.com\/#organization\",\"name\":\"AOC Minervois La Livini\u00e8re\",\"url\":\"https:\/\/www.cru-la-liviniere.com\/\",\"logo\":{\"@type\":\"ImageObject\",\"inLanguage\":\"en-US\",\"@id\":\"https:\/\/www.cru-la-liviniere.com\/#\/schema\/logo\/image\/\",\"url\":\"https:\/\/www.cru-la-liviniere.com\/wp-content\/uploads\/2016\/04\/LA-LIVINIERElogo-slider2.png\",\"contentUrl\":\"https:\/\/www.cru-la-liviniere.com\/wp-content\/uploads\/2016\/04\/LA-LIVINIERElogo-slider2.png\",\"width\":516,\"height\":183,\"caption\":\"AOC Minervois La Livini\u00e8re\"},\"image\":{\"@id\":\"https:\/\/www.cru-la-liviniere.com\/#\/schema\/logo\/image\/\"}}]}<\/script>\n<!-- \/ Yoast SEO plugin. -->","yoast_head_json":{"title":"LA BELLE \u00c9VASION EN CRU LA LIVINI\u00c8RE - AOC Minervois La Livini\u00e8re","robots":{"index":"index","follow":"follow","max-snippet":"max-snippet:-1","max-image-preview":"max-image-preview:large","max-video-preview":"max-video-preview:-1"},"canonical":"https:\/\/www.cru-la-liviniere.com\/produit\/la-belle-evasion-en-cru-la-liviniere\/","og_locale":"en_US","og_type":"article","og_title":"LA BELLE \u00c9VASION EN CRU LA LIVINI\u00c8RE - AOC Minervois La Livini\u00e8re","og_description":"Vendredi 5 septembre \u2013 commune de Cesseras Prix de la soir\u00e9e (vins compris) : 70 \u20ac\/personne. La soir\u00e9e sera annul\u00e9e en cas de mauvais temps. Sur r\u00e9servation obligatoire en ligne avant le 1er Septembre 2025.","og_url":"https:\/\/www.cru-la-liviniere.com\/produit\/la-belle-evasion-en-cru-la-liviniere\/","og_site_name":"AOC Minervois La Livini\u00e8re","article_modified_time":"2025-08-28T16:16:20+00:00","og_image":[{"width":800,"height":1116,"url":"https:\/\/www.cru-la-liviniere.com\/wp-content\/uploads\/2025\/06\/Com-Diner-Belle-Evasion2025.jpg","type":"image\/jpeg"}],"twitter_card":"summary_large_image","twitter_misc":{"Est. reading time":"1 minute"},"schema":{"@context":"https:\/\/schema.org","@graph":[{"@type":"WebPage","@id":"https:\/\/www.cru-la-liviniere.com\/produit\/la-belle-evasion-en-cru-la-liviniere\/","url":"https:\/\/www.cru-la-liviniere.com\/produit\/la-belle-evasion-en-cru-la-liviniere\/","name":"LA BELLE \u00c9VASION EN CRU LA LIVINI\u00c8RE - AOC Minervois La Livini\u00e8re","isPartOf":{"@id":"https:\/\/www.cru-la-liviniere.com\/#website"},"datePublished":"2025-06-11T15:44:56+00:00","dateModified":"2025-08-28T16:16:20+00:00","breadcrumb":{"@id":"https:\/\/www.cru-la-liviniere.com\/produit\/la-belle-evasion-en-cru-la-liviniere\/#breadcrumb"},"inLanguage":"en-US","potentialAction":[{"@type":"ReadAction","target":["https:\/\/www.cru-la-liviniere.com\/produit\/la-belle-evasion-en-cru-la-liviniere\/"]}]},{"@type":"BreadcrumbList","@id":"https:\/\/www.cru-la-liviniere.com\/produit\/la-belle-evasion-en-cru-la-liviniere\/#breadcrumb","itemListElement":[{"@type":"ListItem","position":1,"name":"Accueil","item":"https:\/\/www.cru-la-liviniere.com\/en\/"},{"@type":"ListItem","position":2,"name":"LA BELLE \u00c9VASION EN CRU LA LIVINI\u00c8RE"}]},{"@type":"WebSite","@id":"https:\/\/www.cru-la-liviniere.com\/#website","url":"https:\/\/www.cru-la-liviniere.com\/","name":"AOC Minervois La Livini\u00e8re","description":"Syndicat du Cru La Livini\u00e8re","publisher":{"@id":"https:\/\/www.cru-la-liviniere.com\/#organization"},"potentialAction":[{"@type":"SearchAction","target":{"@type":"EntryPoint","urlTemplate":"https:\/\/www.cru-la-liviniere.com\/?s={search_term_string}"},"query-input":"required name=search_term_string"}],"inLanguage":"en-US"},{"@type":"Organization","@id":"https:\/\/www.cru-la-liviniere.com\/#organization","name":"AOC Minervois La Livini\u00e8re","url":"https:\/\/www.cru-la-liviniere.com\/","logo":{"@type":"ImageObject","inLanguage":"en-US","@id":"https:\/\/www.cru-la-liviniere.com\/#\/schema\/logo\/image\/","url":"https:\/\/www.cru-la-liviniere.com\/wp-content\/uploads\/2016\/04\/LA-LIVINIERElogo-slider2.png","contentUrl":"https:\/\/www.cru-la-liviniere.com\/wp-content\/uploads\/2016\/04\/LA-LIVINIERElogo-slider2.png","width":516,"height":183,"caption":"AOC Minervois La Livini\u00e8re"},"image":{"@id":"https:\/\/www.cru-la-liviniere.com\/#\/schema\/logo\/image\/"}}]}},"_links":{"self":[{"href":"https:\/\/www.cru-la-liviniere.com\/en\/wp-json\/wp\/v2\/product\/6158"}],"collection":[{"href":"https:\/\/www.cru-la-liviniere.com\/en\/wp-json\/wp\/v2\/product"}],"about":[{"href":"https:\/\/www.cru-la-liviniere.com\/en\/wp-json\/wp\/v2\/types\/product"}],"wp:featuredmedia":[{"embeddable":true,"href":"https:\/\/www.cru-la-liviniere.com\/en\/wp-json\/wp\/v2\/media\/6148"}],"wp:attachment":[{"href":"https:\/\/www.cru-la-liviniere.com\/en\/wp-json\/wp\/v2\/media?parent=6158"}],"wp:term":[{"taxonomy":"product_cat","embeddable":true,"href":"https:\/\/www.cru-la-liviniere.com\/en\/wp-json\/wp\/v2\/product_cat?post=6158"},{"taxonomy":"product_tag","embeddable":true,"href":"https:\/\/www.cru-la-liviniere.com\/en\/wp-json\/wp\/v2\/product_tag?post=6158"}],"curies":[{"name":"wp","href":"https:\/\/api.w.org\/{rel}","templated":true}]}}