{"id":3742,"date":"2016-02-18T15:49:04","date_gmt":"2016-02-18T14:49:04","guid":{"rendered":"http:\/\/www.cru-la-liviniere.com\/en\/sous2\/"},"modified":"2016-06-20T11:19:20","modified_gmt":"2016-06-20T09:19:20","slug":"vineyard-la-liviniere","status":"publish","type":"page","link":"https:\/\/www.cru-la-liviniere.com\/en\/the-vineyards\/vineyard-la-liviniere\/","title":{"rendered":"Vineyard La Livini\u00e8re"},"content":{"rendered":"<div class=\"ut-spacer \" style=\"margin-top: 60px;\"><\/div>\n<h2><span class=\"ut-dropcap-two \">L<\/span>a Livini\u00e8re didn\u2019t fall from the sky. Lavineira, the earliest written mention of it in 1069, means \u2018a place planted with vines\u2019.<\/h2>\n<p><div class=\"ut-spacer \" style=\"margin-top: 15px;\"><\/div><br \/>\nThis is proof that the first plantations carried out by the Roman colonizers had a ripple effect. And that men have not stopped since etching their presence onto the landscape. The little fields of vines bear witness to this, as well as the innumerable drystone walls running the length and breadth of the countryside.<\/p>\n<div class=\"ut-spacer \" style=\"margin-bottom: 40px;\"><\/div>\n<!-- AddThis Advanced Settings generic via filter on the_content --><!-- AddThis Share Buttons generic via filter on the_content -->","protected":false},"excerpt":{"rendered":"<p>a Livini\u00e8re didn\u2019t fall from the sky. Lavineira, the earliest written mention of it in 1069, means \u2018a place planted with vines\u2019. This is proof that the first plantations carried out by the Roman colonizers had a ripple effect. And that men have not stopped since etching their presence onto the landscape. The little fields [&hellip;]<!-- AddThis Advanced Settings generic via filter on get_the_excerpt --><!-- AddThis Share Buttons generic via filter on get_the_excerpt --><\/p>\n","protected":false},"author":1,"featured_media":3553,"parent":3743,"menu_order":0,"comment_status":"closed","ping_status":"closed","template":"","meta":[],"yoast_head":"<!-- This site is optimized with the Yoast SEO plugin v21.8.1 - https:\/\/yoast.com\/wordpress\/plugins\/seo\/ -->\n<title>Vineyard La Livini\u00e8re - AOC Minervois La Livini\u00e8re<\/title>\n<meta name=\"description\" content=\"a Livini\u00e8re didn\u2019t fall from the sky. Lavineira, the earliest written mention of it in 1069, means \u2018a place planted with vines\u2019. This is proof that the\" \/>\n<meta name=\"robots\" content=\"index, follow, max-snippet:-1, max-image-preview:large, max-video-preview:-1\" \/>\n<link rel=\"canonical\" href=\"https:\/\/www.cru-la-liviniere.com\/en\/the-vineyards\/vineyard-la-liviniere\/\" \/>\n<meta property=\"og:locale\" content=\"en_US\" \/>\n<meta property=\"og:type\" content=\"article\" \/>\n<meta property=\"og:title\" content=\"Vineyard La Livini\u00e8re - AOC Minervois La Livini\u00e8re\" \/>\n<meta property=\"og:description\" content=\"a Livini\u00e8re didn\u2019t fall from the sky. Lavineira, the earliest written mention of it in 1069, means \u2018a place planted with vines\u2019. This is proof that the\" \/>\n<meta property=\"og:url\" content=\"https:\/\/www.cru-la-liviniere.com\/en\/the-vineyards\/vineyard-la-liviniere\/\" \/>\n<meta property=\"og:site_name\" content=\"AOC Minervois La Livini\u00e8re\" \/>\n<meta property=\"article:modified_time\" content=\"2016-06-20T09:19:20+00:00\" \/>\n<meta property=\"og:image\" content=\"https:\/\/www.cru-la-liviniere.com\/wp-content\/uploads\/2016\/02\/img_terroir-sol2.jpg\" \/>\n\t<meta property=\"og:image:width\" content=\"800\" \/>\n\t<meta property=\"og:image:height\" content=\"533\" \/>\n\t<meta property=\"og:image:type\" content=\"image\/jpeg\" \/>\n<meta name=\"twitter:card\" content=\"summary_large_image\" \/>\n<script type=\"application\/ld+json\" class=\"yoast-schema-graph\">{\"@context\":\"https:\/\/schema.org\",\"@graph\":[{\"@type\":\"WebPage\",\"@id\":\"https:\/\/www.cru-la-liviniere.com\/en\/the-vineyards\/vineyard-la-liviniere\/\",\"url\":\"https:\/\/www.cru-la-liviniere.com\/en\/the-vineyards\/vineyard-la-liviniere\/\",\"name\":\"Vineyard La Livini\u00e8re - AOC Minervois La Livini\u00e8re\",\"isPartOf\":{\"@id\":\"https:\/\/www.cru-la-liviniere.com\/#website\"},\"datePublished\":\"2016-02-18T14:49:04+00:00\",\"dateModified\":\"2016-06-20T09:19:20+00:00\",\"description\":\"a Livini\u00e8re didn\u2019t fall from the sky. Lavineira, the earliest written mention of it in 1069, means \u2018a place planted with vines\u2019. This is proof that the\",\"breadcrumb\":{\"@id\":\"https:\/\/www.cru-la-liviniere.com\/en\/the-vineyards\/vineyard-la-liviniere\/#breadcrumb\"},\"inLanguage\":\"en-US\",\"potentialAction\":[{\"@type\":\"ReadAction\",\"target\":[\"https:\/\/www.cru-la-liviniere.com\/en\/the-vineyards\/vineyard-la-liviniere\/\"]}]},{\"@type\":\"BreadcrumbList\",\"@id\":\"https:\/\/www.cru-la-liviniere.com\/en\/the-vineyards\/vineyard-la-liviniere\/#breadcrumb\",\"itemListElement\":[{\"@type\":\"ListItem\",\"position\":1,\"name\":\"Accueil\",\"item\":\"https:\/\/www.cru-la-liviniere.com\/en\/\"},{\"@type\":\"ListItem\",\"position\":2,\"name\":\"The Vineyards\",\"item\":\"https:\/\/www.cru-la-liviniere.com\/en\/the-vineyards\/\"},{\"@type\":\"ListItem\",\"position\":3,\"name\":\"Vineyard La Livini\u00e8re\"}]},{\"@type\":\"WebSite\",\"@id\":\"https:\/\/www.cru-la-liviniere.com\/#website\",\"url\":\"https:\/\/www.cru-la-liviniere.com\/\",\"name\":\"AOC Minervois La Livini\u00e8re\",\"description\":\"Syndicat du Cru La Livini\u00e8re\",\"publisher\":{\"@id\":\"https:\/\/www.cru-la-liviniere.com\/#organization\"},\"potentialAction\":[{\"@type\":\"SearchAction\",\"target\":{\"@type\":\"EntryPoint\",\"urlTemplate\":\"https:\/\/www.cru-la-liviniere.com\/?s={search_term_string}\"},\"query-input\":\"required name=search_term_string\"}],\"inLanguage\":\"en-US\"},{\"@type\":\"Organization\",\"@id\":\"https:\/\/www.cru-la-liviniere.com\/#organization\",\"name\":\"AOC Minervois La Livini\u00e8re\",\"url\":\"https:\/\/www.cru-la-liviniere.com\/\",\"logo\":{\"@type\":\"ImageObject\",\"inLanguage\":\"en-US\",\"@id\":\"https:\/\/www.cru-la-liviniere.com\/#\/schema\/logo\/image\/\",\"url\":\"https:\/\/www.cru-la-liviniere.com\/wp-content\/uploads\/2016\/04\/LA-LIVINIERElogo-slider2.png\",\"contentUrl\":\"https:\/\/www.cru-la-liviniere.com\/wp-content\/uploads\/2016\/04\/LA-LIVINIERElogo-slider2.png\",\"width\":516,\"height\":183,\"caption\":\"AOC Minervois La Livini\u00e8re\"},\"image\":{\"@id\":\"https:\/\/www.cru-la-liviniere.com\/#\/schema\/logo\/image\/\"}}]}<\/script>\n<!-- \/ Yoast SEO plugin. -->","yoast_head_json":{"title":"Vineyard La Livini\u00e8re - AOC Minervois La Livini\u00e8re","description":"a Livini\u00e8re didn\u2019t fall from the sky. Lavineira, the earliest written mention of it in 1069, means \u2018a place planted with vines\u2019. This is proof that the","robots":{"index":"index","follow":"follow","max-snippet":"max-snippet:-1","max-image-preview":"max-image-preview:large","max-video-preview":"max-video-preview:-1"},"canonical":"https:\/\/www.cru-la-liviniere.com\/en\/the-vineyards\/vineyard-la-liviniere\/","og_locale":"en_US","og_type":"article","og_title":"Vineyard La Livini\u00e8re - AOC Minervois La Livini\u00e8re","og_description":"a Livini\u00e8re didn\u2019t fall from the sky. Lavineira, the earliest written mention of it in 1069, means \u2018a place planted with vines\u2019. This is proof that the","og_url":"https:\/\/www.cru-la-liviniere.com\/en\/the-vineyards\/vineyard-la-liviniere\/","og_site_name":"AOC Minervois La Livini\u00e8re","article_modified_time":"2016-06-20T09:19:20+00:00","og_image":[{"width":800,"height":533,"url":"https:\/\/www.cru-la-liviniere.com\/wp-content\/uploads\/2016\/02\/img_terroir-sol2.jpg","type":"image\/jpeg"}],"twitter_card":"summary_large_image","schema":{"@context":"https:\/\/schema.org","@graph":[{"@type":"WebPage","@id":"https:\/\/www.cru-la-liviniere.com\/en\/the-vineyards\/vineyard-la-liviniere\/","url":"https:\/\/www.cru-la-liviniere.com\/en\/the-vineyards\/vineyard-la-liviniere\/","name":"Vineyard La Livini\u00e8re - AOC Minervois La Livini\u00e8re","isPartOf":{"@id":"https:\/\/www.cru-la-liviniere.com\/#website"},"datePublished":"2016-02-18T14:49:04+00:00","dateModified":"2016-06-20T09:19:20+00:00","description":"a Livini\u00e8re didn\u2019t fall from the sky. Lavineira, the earliest written mention of it in 1069, means \u2018a place planted with vines\u2019. This is proof that the","breadcrumb":{"@id":"https:\/\/www.cru-la-liviniere.com\/en\/the-vineyards\/vineyard-la-liviniere\/#breadcrumb"},"inLanguage":"en-US","potentialAction":[{"@type":"ReadAction","target":["https:\/\/www.cru-la-liviniere.com\/en\/the-vineyards\/vineyard-la-liviniere\/"]}]},{"@type":"BreadcrumbList","@id":"https:\/\/www.cru-la-liviniere.com\/en\/the-vineyards\/vineyard-la-liviniere\/#breadcrumb","itemListElement":[{"@type":"ListItem","position":1,"name":"Accueil","item":"https:\/\/www.cru-la-liviniere.com\/en\/"},{"@type":"ListItem","position":2,"name":"The Vineyards","item":"https:\/\/www.cru-la-liviniere.com\/en\/the-vineyards\/"},{"@type":"ListItem","position":3,"name":"Vineyard La Livini\u00e8re"}]},{"@type":"WebSite","@id":"https:\/\/www.cru-la-liviniere.com\/#website","url":"https:\/\/www.cru-la-liviniere.com\/","name":"AOC Minervois La Livini\u00e8re","description":"Syndicat du Cru La Livini\u00e8re","publisher":{"@id":"https:\/\/www.cru-la-liviniere.com\/#organization"},"potentialAction":[{"@type":"SearchAction","target":{"@type":"EntryPoint","urlTemplate":"https:\/\/www.cru-la-liviniere.com\/?s={search_term_string}"},"query-input":"required name=search_term_string"}],"inLanguage":"en-US"},{"@type":"Organization","@id":"https:\/\/www.cru-la-liviniere.com\/#organization","name":"AOC Minervois La Livini\u00e8re","url":"https:\/\/www.cru-la-liviniere.com\/","logo":{"@type":"ImageObject","inLanguage":"en-US","@id":"https:\/\/www.cru-la-liviniere.com\/#\/schema\/logo\/image\/","url":"https:\/\/www.cru-la-liviniere.com\/wp-content\/uploads\/2016\/04\/LA-LIVINIERElogo-slider2.png","contentUrl":"https:\/\/www.cru-la-liviniere.com\/wp-content\/uploads\/2016\/04\/LA-LIVINIERElogo-slider2.png","width":516,"height":183,"caption":"AOC Minervois La Livini\u00e8re"},"image":{"@id":"https:\/\/www.cru-la-liviniere.com\/#\/schema\/logo\/image\/"}}]}},"_links":{"self":[{"href":"https:\/\/www.cru-la-liviniere.com\/en\/wp-json\/wp\/v2\/pages\/3742"}],"collection":[{"href":"https:\/\/www.cru-la-liviniere.com\/en\/wp-json\/wp\/v2\/pages"}],"about":[{"href":"https:\/\/www.cru-la-liviniere.com\/en\/wp-json\/wp\/v2\/types\/page"}],"author":[{"embeddable":true,"href":"https:\/\/www.cru-la-liviniere.com\/en\/wp-json\/wp\/v2\/users\/1"}],"replies":[{"embeddable":true,"href":"https:\/\/www.cru-la-liviniere.com\/en\/wp-json\/wp\/v2\/comments?post=3742"}],"version-history":[{"count":9,"href":"https:\/\/www.cru-la-liviniere.com\/en\/wp-json\/wp\/v2\/pages\/3742\/revisions"}],"predecessor-version":[{"id":4235,"href":"https:\/\/www.cru-la-liviniere.com\/en\/wp-json\/wp\/v2\/pages\/3742\/revisions\/4235"}],"up":[{"embeddable":true,"href":"https:\/\/www.cru-la-liviniere.com\/en\/wp-json\/wp\/v2\/pages\/3743"}],"wp:featuredmedia":[{"embeddable":true,"href":"https:\/\/www.cru-la-liviniere.com\/en\/wp-json\/wp\/v2\/media\/3553"}],"wp:attachment":[{"href":"https:\/\/www.cru-la-liviniere.com\/en\/wp-json\/wp\/v2\/media?parent=3742"}],"curies":[{"name":"wp","href":"https:\/\/api.w.org\/{rel}","templated":true}]}}